{"id":19,"date":"2024-08-21T05:35:00","date_gmt":"2024-08-21T05:35:00","guid":{"rendered":"https:\/\/alrightsystems.com\/figma\/?page_id=19"},"modified":"2024-10-02T12:43:43","modified_gmt":"2024-10-02T12:43:43","slug":"rgb-lights","status":"publish","type":"page","link":"https:\/\/lumecontrol.com\/fr\/rgb-lights\/","title":{"rendered":"Lumi\u00e8res RGB"},"content":{"rendered":"<div data-elementor-type=\"wp-page\" data-elementor-id=\"19\" class=\"elementor elementor-19\">\n\t\t\t\t<div class=\"elementor-element elementor-element-091939f e-con-full e-flex wpr-particle-no wpr-jarallax-no wpr-parallax-no wpr-sticky-section-no e-con e-parent\" data-id=\"091939f\" data-element_type=\"container\">\n\t\t<div class=\"elementor-element elementor-element-187d81f e-con-full e-flex wpr-particle-no wpr-jarallax-no wpr-parallax-no wpr-sticky-section-no e-con e-child\" data-id=\"187d81f\" data-element_type=\"container\" data-settings=\"{&quot;background_background&quot;:&quot;classic&quot;}\">\n\t\t\t\t<div class=\"elementor-element elementor-element-e764ffe elementor-widget elementor-widget-heading\" data-id=\"e764ffe\" data-element_type=\"widget\" data-widget_type=\"heading.default\">\n\t\t\t\t<div class=\"elementor-widget-container\">\n\t\t\t\t\t<h2 class=\"elementor-heading-title elementor-size-default\"> 9 effets de lumi\u00e8re RGB<\/h2>\t\t\t\t<\/div>\n\t\t\t\t<\/div>\n\t\t\t\t<\/div>\n\t\t\t\t<\/div>\n\t\t<div class=\"elementor-element elementor-element-c77e353 e-con-full e-flex wpr-particle-no wpr-jarallax-no wpr-parallax-no wpr-sticky-section-no e-con e-parent\" data-id=\"c77e353\" data-element_type=\"container\">\n\t\t<div class=\"elementor-element elementor-element-6a30721 e-con-full e-flex wpr-particle-no wpr-jarallax-no wpr-parallax-no wpr-sticky-section-no e-con e-child\" data-id=\"6a30721\" data-element_type=\"container\">\n\t\t\t\t<div class=\"elementor-element elementor-element-09c1944 elementor-widget elementor-widget-heading\" data-id=\"09c1944\" data-element_type=\"widget\" data-widget_type=\"heading.default\">\n\t\t\t\t<div class=\"elementor-widget-container\">\n\t\t\t\t\t<h2 class=\"elementor-heading-title elementor-size-default\">Attractivit\u00e9 visuelle et personnalisation<\/h2>\t\t\t\t<\/div>\n\t\t\t\t<\/div>\n\t\t\t\t<div class=\"elementor-element elementor-element-6abc453 elementor-widget elementor-widget-text-editor\" data-id=\"6abc453\" data-element_type=\"widget\" data-widget_type=\"text-editor.default\">\n\t\t\t\t<div class=\"elementor-widget-container\">\n\t\t\t\t\t\t\t\t\t<p><span style=\"color: #ffffff; white-space-collapse: preserve;\">Le design \u00e0 9 LED ajoute un \u00e9l\u00e9ment visuel saisissant \u00e0 la manette, am\u00e9liorant son attrait esth\u00e9tique et permettant une personnalisation \u00e9tendue :<\/span><\/p>\t\t\t\t\t\t\t\t<\/div>\n\t\t\t\t<\/div>\n\t\t\t\t<div class=\"elementor-element elementor-element-5befd38 elementor-widget elementor-widget-text-editor\" data-id=\"5befd38\" data-element_type=\"widget\" data-widget_type=\"text-editor.default\">\n\t\t\t\t<div class=\"elementor-widget-container\">\n\t\t\t\t\t\t\t\t\t<ul><li>Am\u00e9lioration esth\u00e9tique : Les lumi\u00e8res LED conf\u00e8rent \u00e0 la manette un look moderne et \u00e9l\u00e9gant, la rendant unique dans tout setup de jeu. Les couleurs et motifs vibrants peuvent s'accorder avec le style personnel du joueur ou le th\u00e8me g\u00e9n\u00e9ral de son environnement de jeu.<\/li><li>\u00c9clairage personnalisable : Les LED peuvent \u00eatre personnalis\u00e9es pour afficher une large gamme de couleurs et de motifs. Les joueurs peuvent personnaliser leur manette pour montrer leurs couleurs ou th\u00e8mes pr\u00e9f\u00e9r\u00e9s, ou modifier l'\u00e9clairage en fonction de diff\u00e9rents sc\u00e9narios de jeu ou \u00e9tats d\u2019esprit.<\/li><li>Modes d'\u00e9clairage multiples : La manette peut proposer diff\u00e9rents modes d'\u00e9clairage, tels que le mode respirant, stroboscopique ou cyclique des couleurs, permettant aux utilisateurs de s\u00e9lectionner leurs effets visuels pr\u00e9f\u00e9r\u00e9s. Cette personnalisation assure que la manette peut s'adapter \u00e0 diff\u00e9rents environnements, offrant une exp\u00e9rience de jeu unique et personnalis\u00e9e.<\/li><\/ul>\t\t\t\t\t\t\t\t<\/div>\n\t\t\t\t<\/div>\n\t\t\t\t<\/div>\n\t\t<div class=\"elementor-element elementor-element-da7e44d e-con-full e-flex wpr-particle-no wpr-jarallax-no wpr-parallax-no wpr-sticky-section-no e-con e-child\" data-id=\"da7e44d\" data-element_type=\"container\">\n\t\t\t\t<div class=\"elementor-element elementor-element-59b2f3d elementor-widget elementor-widget-embedpres_elementor\" data-id=\"59b2f3d\" data-element_type=\"widget\" data-widget_type=\"embedpres_elementor.default\">\n\t\t\t\t<div class=\"elementor-widget-container\">\n\t\t\t\t\t\n\t\t<div class=\"embedpress-elements-wrapper\" id=\"ep-elements-id-59b2f3d\">\n\n\t\t\t\t\t\t\t<div id=\"ep-elementor-content-59b2f3d\" \n\t\t\t\t\tclass=\"ep-elementor-content \t\t\t\t\t \t\t\t\t\t  ep-content-protection-disabled \t\t\t\t\tsource-selfhosted_video\t\t\t\t\t enabled-auto-pause\">\n\n\t\t\t\t\t<div id=\"59b2f3d\" \n\t\t\t\t\t\tclass=\"ep-embed-content-wrapper \t\t\t\t\t\t \t\t\t\t\t\t \t\t\t\t\t\tvideo\" \n\t\t\t\t\t\t\t\t\t\t\t\t\t\t\t\t\t\tdata-options=\"{&quot;rewind&quot;:true,&quot;restart&quot;:true,&quot;pip&quot;:false,&quot;poster_thumbnail&quot;:&quot;&quot;,&quot;player_color&quot;:&quot;#5b4e96&quot;,&quot;player_preset&quot;:&quot;default&quot;,&quot;fast_forward&quot;:true,&quot;player_tooltip&quot;:true,&quot;hide_controls&quot;:false,&quot;download&quot;:true,&quot;fullscreen&quot;:false,&quot;rel&quot;:false,&quot;vautoplay&quot;:false,&quot;autopause&quot;:false,&quot;dnt&quot;:false,&quot;self_hosted&quot;:true,&quot;hosted_format&quot;:&quot;video&quot;}\t\t\t\t\t\t\">\n\n\t\t\t\t\t\t<div id=\"ep-elementor-content-59b2f3d\" \n\t\t\t\t\t\t\tclass=\"ep-elementor-content \t\t\t\t\t\t\t \t\t\t\t\t\t\t  ep-content-protection-disabled \t\t\t\t\t\t\tsource-selfhosted_video\">\n\n\t\t\t\t\t\t\t<div >\n\t\t\t\t\t\t\t\t<div id=\"59b2f3d\" \n\t\t\t\t\t\t\t\t\tclass=\"ep-embed-content-wraper \t\t\t\t\t\t\t\t\tdefault\" \n\t\t\t\t\t\t\t\t\tdata-playerid='59b2f3d' \n\t\t\t\t\t\t\t\t\tdata-options=\"{&quot;rewind&quot;:true,&quot;restart&quot;:true,&quot;pip&quot;:false,&quot;poster_thumbnail&quot;:&quot;&quot;,&quot;player_color&quot;:&quot;#5b4e96&quot;,&quot;player_preset&quot;:&quot;default&quot;,&quot;fast_forward&quot;:true,&quot;player_tooltip&quot;:true,&quot;hide_controls&quot;:false,&quot;download&quot;:true,&quot;fullscreen&quot;:false,&quot;rel&quot;:false,&quot;vautoplay&quot;:false,&quot;autopause&quot;:false,&quot;dnt&quot;:false,&quot;self_hosted&quot;:true,&quot;hosted_format&quot;:&quot;video&quot;}\">\n\n\t\t\t\t\t\t\t\t\t<div class=\"ose-self-hosterd ose-uid-39b2608a1fd6787ea684224aaa2c861c ose-embedpress-responsive\" style=\"width:838px; height:550px; max-height:550px; max-width:100%; display:inline-block;\"><video controls width=\"838\" height=\"550\"> <source src=\"https:\/\/lumecontrol.com\/wp-content\/uploads\/2024\/09\/lume-5.mov\" > <\/video><\/div>\t\t\t\t\t\t\t\t<\/div>\n\n\t\t\t\t\t\t\t\t\t\t\t\t\t\t\t<\/div>\n\t\t\t\t\t\t<\/div>\n\t\t\t\t\t<\/div>\n\t\t\t\t<\/div>\n\t\t\t\t\t\t\t\n\t\t<\/div>\n\n\n\t\t\n\t\t\t\t<\/div>\n\t\t\t\t<\/div>\n\t\t\t\t<\/div>\n\t\t\t\t<\/div>\n\t\t<div class=\"elementor-element elementor-element-d09b0ce e-flex e-con-boxed wpr-particle-no wpr-jarallax-no wpr-parallax-no wpr-sticky-section-no e-con e-parent\" data-id=\"d09b0ce\" data-element_type=\"container\">\n\t\t\t\t\t<div class=\"e-con-inner\">\n\t\t\t\t<div class=\"elementor-element elementor-element-91a3a1d elementor-widget elementor-widget-video\" data-id=\"91a3a1d\" data-element_type=\"widget\" data-settings=\"{&quot;autoplay&quot;:&quot;yes&quot;,&quot;play_on_mobile&quot;:&quot;yes&quot;,&quot;mute&quot;:&quot;yes&quot;,&quot;loop&quot;:&quot;yes&quot;,&quot;video_type&quot;:&quot;hosted&quot;,&quot;start&quot;:3,&quot;controls&quot;:&quot;yes&quot;}\" data-widget_type=\"video.default\">\n\t\t\t\t<div class=\"elementor-widget-container\">\n\t\t\t\t\t\t\t<div class=\"e-hosted-video elementor-wrapper elementor-open-inline\">\n\t\t\t\t\t<video class=\"elementor-video\" src=\"https:\/\/lumecontrol.com\/wp-content\/uploads\/2024\/10\/LUME1VIDEO.mp4#t=3\" autoplay=\"\" loop=\"\" controls=\"\" muted=\"muted\" playsinline=\"\" controlslist=\"nodownload\"><\/video>\n\t\t\t\t<\/div>\n\t\t\t\t\t\t<\/div>\n\t\t\t\t<\/div>\n\t\t\t\t\t<\/div>\n\t\t\t\t<\/div>\n\t\t\t\t<\/div>","protected":false},"excerpt":{"rendered":"<p>9 RGB LIGHT EFFECTS Visual Appeal and Customization 9 LED design adds a striking visual element to the controller, enhancing its aesthetic appeal and allowing for extensive customization: Aesthetic Enhancement: The LED lights give the controller a modern and stylish look, making it a standout piece in any gaming setup. The vibrant colors and patterns can match the aesthetics of a gamer\u2019s personal style or the overall theme of their gaming environment. Customizable Lighting: The LEDs can be customized to display a wide range of colors and patterns. Gamers can personalize their controller to show their favorite colors or themes, or change the lighting based on different gaming scenarios or moods. Multiple Lighting Modes: The controller may offer various lighting modes, such as breathing, strobing, or color cycling, allowing users to select their preferred visual effects. This customization ensures that the controller can adapt to different settings, providing a unique and personalized gaming experience. https:\/\/lumecontrol.com\/wp-content\/uploads\/2024\/10\/LUME1VIDEO.mp4#t=3<\/p>","protected":false},"author":1,"featured_media":0,"parent":0,"menu_order":0,"comment_status":"closed","ping_status":"closed","template":"","meta":{"site-sidebar-layout":"no-sidebar","site-content-layout":"","ast-site-content-layout":"full-width-container","site-content-style":"default","site-sidebar-style":"default","ast-global-header-display":"","ast-banner-title-visibility":"","ast-main-header-display":"","ast-hfb-above-header-display":"","ast-hfb-below-header-display":"","ast-hfb-mobile-header-display":"","site-post-title":"disabled","ast-breadcrumbs-content":"","ast-featured-img":"disabled","footer-sml-layout":"","theme-transparent-header-meta":"","adv-header-id-meta":"","stick-header-meta":"","header-above-stick-meta":"","header-main-stick-meta":"","header-below-stick-meta":"","astra-migrate-meta-layouts":"default","ast-page-background-enabled":"default","ast-page-background-meta":{"desktop":{"background-color":"var(--ast-global-color-4)","background-image":"","background-repeat":"repeat","background-position":"center center","background-size":"auto","background-attachment":"scroll","background-type":"","background-media":"","overlay-type":"","overlay-color":"","overlay-opacity":"","overlay-gradient":""},"tablet":{"background-color":"","background-image":"","background-repeat":"repeat","background-position":"center center","background-size":"auto","background-attachment":"scroll","background-type":"","background-media":"","overlay-type":"","overlay-color":"","overlay-opacity":"","overlay-gradient":""},"mobile":{"background-color":"","background-image":"","background-repeat":"repeat","background-position":"center center","background-size":"auto","background-attachment":"scroll","background-type":"","background-media":"","overlay-type":"","overlay-color":"","overlay-opacity":"","overlay-gradient":""}},"ast-content-background-meta":{"desktop":{"background-color":"var(--ast-global-color-5)","background-image":"","background-repeat":"repeat","background-position":"center center","background-size":"auto","background-attachment":"scroll","background-type":"","background-media":"","overlay-type":"","overlay-color":"","overlay-opacity":"","overlay-gradient":""},"tablet":{"background-color":"var(--ast-global-color-5)","background-image":"","background-repeat":"repeat","background-position":"center center","background-size":"auto","background-attachment":"scroll","background-type":"","background-media":"","overlay-type":"","overlay-color":"","overlay-opacity":"","overlay-gradient":""},"mobile":{"background-color":"var(--ast-global-color-5)","background-image":"","background-repeat":"repeat","background-position":"center center","background-size":"auto","background-attachment":"scroll","background-type":"","background-media":"","overlay-type":"","overlay-color":"","overlay-opacity":"","overlay-gradient":""}},"footnotes":""},"class_list":["post-19","page","type-page","status-publish","hentry"],"_links":{"self":[{"href":"https:\/\/lumecontrol.com\/fr\/wp-json\/wp\/v2\/pages\/19"}],"collection":[{"href":"https:\/\/lumecontrol.com\/fr\/wp-json\/wp\/v2\/pages"}],"about":[{"href":"https:\/\/lumecontrol.com\/fr\/wp-json\/wp\/v2\/types\/page"}],"author":[{"embeddable":true,"href":"https:\/\/lumecontrol.com\/fr\/wp-json\/wp\/v2\/users\/1"}],"replies":[{"embeddable":true,"href":"https:\/\/lumecontrol.com\/fr\/wp-json\/wp\/v2\/comments?post=19"}],"version-history":[{"count":100,"href":"https:\/\/lumecontrol.com\/fr\/wp-json\/wp\/v2\/pages\/19\/revisions"}],"predecessor-version":[{"id":1254,"href":"https:\/\/lumecontrol.com\/fr\/wp-json\/wp\/v2\/pages\/19\/revisions\/1254"}],"wp:attachment":[{"href":"https:\/\/lumecontrol.com\/fr\/wp-json\/wp\/v2\/media?parent=19"}],"curies":[{"name":"wp","href":"https:\/\/api.w.org\/{rel}","templated":true}]}}