{"id":500,"date":"2024-08-28T11:08:02","date_gmt":"2024-08-28T11:08:02","guid":{"rendered":"https:\/\/alrightsystems.com\/figma\/?page_id=500"},"modified":"2024-08-28T12:36:50","modified_gmt":"2024-08-28T12:36:50","slug":"terms-and-conditions","status":"publish","type":"page","link":"https:\/\/lumecontrol.com\/fr\/terms-and-conditions\/","title":{"rendered":"Conditions g\u00e9n\u00e9rales"},"content":{"rendered":"<div data-elementor-type=\"wp-page\" data-elementor-id=\"500\" class=\"elementor elementor-500\">\n\t\t\t\t<div class=\"elementor-element elementor-element-57c8e14 e-flex e-con-boxed wpr-particle-no wpr-jarallax-no wpr-parallax-no wpr-sticky-section-no e-con e-parent\" data-id=\"57c8e14\" data-element_type=\"container\">\n\t\t\t\t\t<div class=\"e-con-inner\">\n\t\t\t\t<div class=\"elementor-element elementor-element-5681f49 elementor-widget elementor-widget-heading\" data-id=\"5681f49\" data-element_type=\"widget\" data-widget_type=\"heading.default\">\n\t\t\t\t<div class=\"elementor-widget-container\">\n\t\t\t\t\t<h4 class=\"elementor-heading-title elementor-size-default\">Conditions g\u00e9n\u00e9rales\n<\/h4>\t\t\t\t<\/div>\n\t\t\t\t<\/div>\n\t\t\t\t<div class=\"elementor-element elementor-element-65fd1d8 elementor-widget elementor-widget-text-editor\" data-id=\"65fd1d8\" data-element_type=\"widget\" data-widget_type=\"text-editor.default\">\n\t\t\t\t<div class=\"elementor-widget-container\">\n\t\t\t\t\t\t\t\t\t<p class=\"body\" dir=\"auto\">Bienvenue chez LUME CONTROL !<\/p>\n<p class=\"body\" dir=\"auto\">Ces termes et conditions d\u00e9finissent les r\u00e8gles et r\u00e8glements pour l'utilisation du site web de Grey Mountain SARL, situ\u00e9 \u00e0 <a href=\"https:\/\/lumecontrol.com\/fr\/\" target=\"_blank\" rel=\"noopener\">https:\/\/www.lumecontrol.com<\/a>.<\/p>\n<p class=\"body\" dir=\"auto\">En acc\u00e9dant \u00e0 ce site web, nous consid\u00e9rons que vous acceptez ces termes et conditions. Ne continuez pas \u00e0 utiliser LUME CONTROL si vous n'acceptez pas l'int\u00e9gralit\u00e9 des termes et conditions \u00e9nonc\u00e9s sur cette page.<\/p>\n<p class=\"body\" dir=\"auto\">Cookies<\/p>\n<h6 dir=\"auto\"><span style=\"font-style: inherit; font-weight: inherit; color: rgb(255, 255, 255); font-family: var( --e-global-typography-text-font-family ), Sans-serif; text-align: var(--text-align);\">Le site utilise des cookies pour personnaliser votre exp\u00e9rience en ligne. En acc\u00e9dant \u00e0 LUME CONTROL, vous acceptez l'utilisation des cookies n\u00e9cessaires.<\/span><\/h6>\n<p class=\"body\" dir=\"auto\">Un cookie est un fichier texte qui est plac\u00e9 sur votre disque dur par un serveur de page web. Les cookies ne peuvent pas \u00eatre utilis\u00e9s pour ex\u00e9cuter des programmes ou livrer des virus \u00e0 votre ordinateur. Les cookies sont assign\u00e9s uniquement \u00e0 vous et ne peuvent \u00eatre lus que par un serveur web dans le domaine qui a \u00e9mis le cookie.<\/p>\n<p class=\"body\" dir=\"auto\">Nous pouvons utiliser des cookies pour collecter, stocker et suivre des informations \u00e0 des fins statistiques ou marketing pour faire fonctionner notre site web. Vous avez la possibilit\u00e9 d'accepter ou de refuser les cookies optionnels. Certains cookies n\u00e9cessaires au fonctionnement de notre site web sont requis. Ces cookies ne n\u00e9cessitent pas votre consentement, car ils sont toujours actifs. Veuillez noter qu'en acceptant les cookies n\u00e9cessaires, vous acceptez \u00e9galement les cookies tiers, qui peuvent \u00eatre utilis\u00e9s via des services fournis par des tiers si vous utilisez ces services sur notre site web, par exemple, une fen\u00eatre d'affichage vid\u00e9o fournie par des tiers et int\u00e9gr\u00e9e \u00e0 notre site.<\/p>\n<p class=\"body\" dir=\"auto\">License<\/p>\n<h6 dir=\"auto\"><span style=\"font-style: inherit; font-weight: inherit; color: rgb(255, 255, 255); font-family: var( --e-global-typography-text-font-family ), Sans-serif; text-align: var(--text-align);\">Sauf indication contraire, Grey Mountain SARL et\/ou ses conc\u00e9dants d\u00e9tiennent les droits de propri\u00e9t\u00e9 intellectuelle sur tout le mat\u00e9riel pr\u00e9sent sur LUME CONTROL. Tous les droits de propri\u00e9t\u00e9 intellectuelle sont r\u00e9serv\u00e9s. Vous pouvez acc\u00e9der \u00e0 ce mat\u00e9riel depuis LUME CONTROL pour votre usage personnel, sous r\u00e9serve des restrictions \u00e9nonc\u00e9es dans ces termes et conditions.<\/span><\/h6>\n<p class=\"body\" dir=\"auto\">Vous ne devez pas :<\/p>\n<ul dir=\"auto\">\n<li>\n<p class=\"body\" dir=\"auto\">Copier ou republier du mat\u00e9riel provenant de LUME CONTROL<\/p>\n<\/li>\n<li>\n<p class=\"body\" dir=\"auto\">Vendre, louer ou sous-licencier du mat\u00e9riel provenant de LUME CONTROL<\/p>\n<\/li>\n<li>\n<p class=\"body\" dir=\"auto\">Reproduire, dupliquer ou copier du mat\u00e9riel provenant de LUME CONTROL<\/p>\n<\/li>\n<li>\n<p class=\"body\" dir=\"auto\">Redistribuer du contenu provenant de LUME CONTROL<\/p>\n<\/li>\n<\/ul>\n<p class=\"body\" dir=\"auto\">Le pr\u00e9sent Accord commencera \u00e0 la date des pr\u00e9sentes.<\/p>\n<p class=\"body\" dir=\"auto\">Certaines parties de ce site web offrent aux utilisateurs l'opportunit\u00e9 de publier et d'\u00e9changer des opinions et des informations dans certaines zones du site. Grey Mountain SARL ne filtre, ne modifie, ne publie ni ne r\u00e9vise les Commentaires avant leur apparition sur le site. Les Commentaires ne refl\u00e8tent pas les vues et opinions de Grey Mountain SARL, de ses agents et\/ou de ses affili\u00e9s. Les Commentaires refl\u00e8tent les vues et opinions de la personne qui les publie. Dans la mesure permise par les lois applicables, Grey Mountain SARL ne sera pas responsable des Commentaires ni de toute responsabilit\u00e9, dommage ou d\u00e9pense caus\u00e9(e) et\/ou subi(e) \u00e0 la suite de l'utilisation, de la publication ou de l'apparition des Commentaires sur ce site web.<\/p>\n<p class=\"body\" dir=\"auto\">Grey Mountain SARL se r\u00e9serve le droit de surveiller tous les Commentaires et de supprimer tout Commentaire pouvant \u00eatre consid\u00e9r\u00e9 comme inappropri\u00e9, offensant ou entra\u00eenant une violation de ces Termes et Conditions.<\/p>\n<p class=\"body\" dir=\"auto\">Vous garantissez et d\u00e9clarez que :<\/p>\n<ul dir=\"auto\">\n<li>\n<p class=\"body\" dir=\"auto\">Vous \u00eates autoris\u00e9 \u00e0 publier les Commentaires sur notre site web et disposez de toutes les licences et autorisations n\u00e9cessaires pour le faire ;<\/p>\n<\/li>\n<li>\n<p class=\"body\" dir=\"auto\">Les Commentaires ne portent atteinte \u00e0 aucun droit de propri\u00e9t\u00e9 intellectuelle, y compris, mais sans s'y limiter, les droits d'auteur, les brevets ou les marques d\u00e9pos\u00e9es de tout tiers ;<\/p>\n<\/li>\n<li>\n<p class=\"body\" dir=\"auto\">Les Commentaires ne contiennent aucun mat\u00e9riel diffamatoire, calomnieux, offensant, ind\u00e9cent ou autrement ill\u00e9gal, qui constituerait une atteinte \u00e0 la vie priv\u00e9e.<\/p>\n<\/li>\n<li>\n<p class=\"body\" dir=\"auto\">Les Commentaires ne seront pas utilis\u00e9s pour solliciter ou promouvoir des affaires ou des clients, ni pour pr\u00e9senter des activit\u00e9s commerciales ou ill\u00e9gales.<\/p>\n<\/li>\n<\/ul>\n<p class=\"body\" dir=\"auto\">Vous accordez par les pr\u00e9sentes \u00e0 Grey Mountain SARL une licence non exclusive pour utiliser, reproduire, modifier et autoriser d'autres personnes \u00e0 utiliser, reproduire et modifier tout Commentaire que vous avez publi\u00e9, sous toutes les formes, formats ou m\u00e9dias.<\/p>\n<p class=\"body\" dir=\"auto\">Cr\u00e9ation de liens hypertextes vers notre Contenu<\/p>\n<h6 dir=\"auto\"><span style=\"font-style: inherit; font-weight: inherit; color: rgb(255, 255, 255); font-family: var( --e-global-typography-text-font-family ), Sans-serif; text-align: var(--text-align);\">Les organisations suivantes peuvent cr\u00e9er un lien vers notre site web sans approbation \u00e9crite pr\u00e9alable :<\/span><\/h6>\n<ul dir=\"auto\">\n<li>\n<p class=\"body\" dir=\"auto\">Les agences gouvernementales ;<\/p>\n<\/li>\n<li>\n<p class=\"body\" dir=\"auto\">Moteurs de recherche.<\/p>\n<\/li>\n<li>\n<p class=\"body\" dir=\"auto\">Organisations de presse.<\/p>\n<\/li>\n<li>\n<p class=\"body\" dir=\"auto\">Les distributeurs d'annuaires en ligne peuvent cr\u00e9er un lien vers notre site Web de la m\u00eame mani\u00e8re qu'ils hyperlient vers les sites Web d'autres entreprises r\u00e9pertori\u00e9es; et<\/p>\n<\/li>\n<li>\n<p class=\"body\" dir=\"auto\">Les entreprises accr\u00e9dit\u00e9es \u00e0 l'\u00e9chelle du syst\u00e8me, \u00e0 l'exception des organisations \u00e0 but non lucratif sollicitant des dons, des centres commerciaux caritatifs et des groupes de collecte de fonds pour la charit\u00e9, ne peuvent pas cr\u00e9er de lien hypertexte vers notre site Web.<\/p>\n<\/li>\n<\/ul>\n<p class=\"body\" dir=\"auto\">Ces organisations peuvent cr\u00e9er un lien vers notre page d'accueil, nos publications ou d'autres informations du site Web tant que le lien : (a) n'est en aucun cas trompeur ; (b) n'implique pas faussement un parrainage, une approbation ou un aval de la part du site li\u00e9 et de ses produits et\/ou services ; et (c) s'inscrit dans le contexte du site de la partie qui \u00e9tablit le lien.<\/p>\n<p class=\"body\" dir=\"auto\">Nous pouvons envisager et approuver d'autres demandes de lien provenant des types d'organisations suivants :<\/p>\n<ul dir=\"auto\">\n<li>\n<p class=\"body\" dir=\"auto\">Sources d'information grand public et\/ou d'informations commerciales bien connues;<\/p>\n<\/li>\n<li>\n<p class=\"body\" dir=\"auto\"><a href=\"http:\/\/dot.com\/\" target=\"_blank\" rel=\"noopener\">Dot.com<\/a> sites communautaires;<\/p>\n<\/li>\n<li>\n<p class=\"body\" dir=\"auto\">Associations ou autres groupes repr\u00e9sentant des \u0153uvres de charit\u00e9;<\/p>\n<\/li>\n<li>\n<p class=\"body\" dir=\"auto\">Distributeurs d'annuaires en ligne;<\/p>\n<\/li>\n<li>\n<p class=\"body\" dir=\"auto\">Portails Internet;<\/p>\n<\/li>\n<li>\n<p class=\"body\" dir=\"auto\">Cabinets comptables, juridiques et de conseil; et<\/p>\n<\/li>\n<li>\n<p class=\"body\" dir=\"auto\">Institutions \u00e9ducatives et associations professionnelles.<\/p>\n<\/li>\n<\/ul>\n<p class=\"body\" dir=\"auto\">Nous approuverons les demandes de lien de ces organisations si nous d\u00e9cidons que : (a) le lien ne nous pr\u00e9senterait pas de mani\u00e8re d\u00e9favorable nous-m\u00eames ou nos entreprises accr\u00e9dit\u00e9es ; (b) l'organisation n'a aucun ant\u00e9c\u00e9dent n\u00e9gatif avec nous ; (c) le b\u00e9n\u00e9fice que nous tirons de la visibilit\u00e9 du lien compense l'absence de Grey Mountain SARL ; et (d) le lien est dans le contexte d'informations g\u00e9n\u00e9rales sur les ressources.<\/p>\n<p class=\"body\" dir=\"auto\">Ces organisations peuvent cr\u00e9er un lien vers notre page d'accueil tant que le lien : (a) n'est en aucun cas trompeur ; (b) n'implique pas faussement un parrainage, une approbation ou un aval de la part de la partie qui \u00e9tablit le lien et de ses produits ou services ; et (c) s'inscrit dans le contexte du site de la partie qui \u00e9tablit le lien.<\/p>\n<p class=\"body\" dir=\"auto\">Si vous \u00eates l'une des organisations list\u00e9es au paragraphe 2 ci-dessus et souhaitez cr\u00e9er un lien vers notre site Web, vous devez nous en informer en envoyant un e-mail \u00e0 Grey Mountain SARL. Veuillez inclure votre nom, le nom de votre organisation, vos coordonn\u00e9es ainsi que l'URL de votre site, une liste de toutes les URLs \u00e0 partir desquelles vous souhaitez cr\u00e9er un lien vers notre site Web, et une liste des URLs de notre site vers lesquelles vous aimeriez cr\u00e9er un lien. Attendez 2 \u00e0 3 semaines pour une r\u00e9ponse.<\/p>\n<p class=\"body\" dir=\"auto\">Les organisations approuv\u00e9es peuvent cr\u00e9er un lien hypertexte vers notre site Web comme suit :<\/p>\n<ul dir=\"auto\">\n<li>\n<p class=\"body\" dir=\"auto\">En utilisant notre nom commercial ; ou<\/p>\n<\/li>\n<li>\n<p class=\"body\" dir=\"auto\">En utilisant l'URL du site vers lequel le lien est dirig\u00e9 ; ou<\/p>\n<\/li>\n<li>\n<p class=\"body\" dir=\"auto\">En utilisant toute autre description de notre site Web qui a du sens dans le contexte et le format du contenu sur le site de la partie qui \u00e9tablit le lien.<\/p>\n<\/li>\n<\/ul>\n<p class=\"body\" dir=\"auto\">Aucune utilisation du logo ou d'autres \u0153uvres graphiques de Grey Mountain SARL ne sera autoris\u00e9e pour \u00e9tablir un lien sans un accord de licence de marque.<\/p>\n<p class=\"body\" dir=\"auto\">Responsabilit\u00e9 du contenu :<\/p>\n<h6 dir=\"auto\"><span style=\"font-style: inherit; font-weight: inherit; color: rgb(255, 255, 255); font-family: var( --e-global-typography-text-font-family ), Sans-serif; text-align: var(--text-align);\">Nous ne serons pas tenus responsables du contenu qui appara\u00eet sur votre site Web. Vous acceptez de nous prot\u00e9ger et de nous d\u00e9fendre contre toutes les revendications soulev\u00e9es sur votre site Web. Aucun lien ne doit appara\u00eetre sur un site Web qui pourrait \u00eatre interpr\u00e9t\u00e9 comme diffamatoire, obsc\u00e8ne ou criminel, ou qui enfreint, viole autrement, ou encourage l'enfreinte ou la violation d'autres droits de tiers.<\/span><\/h6><h6 dir=\"auto\"><span style=\"font-style: inherit; font-weight: inherit; color: rgb(255, 255, 255); font-family: var( --e-global-typography-text-font-family ), Sans-serif; text-align: var(--text-align);\">R\u00e9servation des droits :<\/span><\/h6>\n<h6 dir=\"auto\"><span style=\"font-style: inherit; font-weight: inherit; color: rgb(255, 255, 255); font-family: var( --e-global-typography-text-font-family ), Sans-serif; text-align: var(--text-align);\">Nous nous r\u00e9servons le droit de demander que vous supprimiez tous les liens ou tout lien particulier vers notre site Web. Vous acceptez de retirer imm\u00e9diatement tous les liens vers notre site Web sur demande. Nous nous r\u00e9servons \u00e9galement le droit de modifier ces termes et conditions ainsi que notre politique de liaison \u00e0 tout moment. En continuant \u00e0 cr\u00e9er des liens vers notre site Web, vous acceptez d'\u00eatre li\u00e9 par ces termes et conditions de liaison et de les respecter.<\/span><\/h6><h6 dir=\"auto\"><span style=\"font-style: inherit; font-weight: inherit; color: rgb(255, 255, 255); font-family: var( --e-global-typography-text-font-family ), Sans-serif; text-align: var(--text-align);\">Suppression des liens depuis notre site Web<\/span><\/h6>\n<h6 dir=\"auto\"><span style=\"font-style: inherit; font-weight: inherit; color: rgb(255, 255, 255); font-family: var( --e-global-typography-text-font-family ), Sans-serif; text-align: var(--text-align);\">Si vous trouvez un lien sur notre site Web qui est offensant pour une raison quelconque, vous \u00eates libre de nous contacter et de nous en informer \u00e0 tout moment. Nous examinerons les demandes de suppression de liens, mais nous ne sommes pas oblig\u00e9s de le faire ni de vous r\u00e9pondre directement.<\/span><\/h6>\n<p class=\"body\" dir=\"auto\">Nous ne garantissons pas que les informations sur ce site Web sont correctes. Nous ne garantissons pas leur exhaustivit\u00e9 ou leur pr\u00e9cision, et nous ne promettons pas de garantir que le site Web reste disponible ou que le contenu du site Web soit maintenu \u00e0 jour.<\/p><p class=\"body\" dir=\"auto\">Avertissement<\/p>\n<h6 dir=\"auto\"><span style=\"font-style: inherit; font-weight: inherit; color: rgb(255, 255, 255); font-family: var( --e-global-typography-text-font-family ), Sans-serif; text-align: var(--text-align);\">Dans la mesure maximale permise par la loi applicable, nous excluons toutes les repr\u00e9sentations, garanties et conditions relatives \u00e0 notre site Web et \u00e0 son utilisation. Rien dans cet avertissement ne :<\/span><\/h6>\n<ul dir=\"auto\">\n<li>\n<p class=\"body\" dir=\"auto\">Limiter ou exclure notre responsabilit\u00e9 ou la v\u00f4tre en cas de d\u00e9c\u00e8s ou de blessure corporelle ;<\/p>\n<\/li>\n<li>\n<p class=\"body\" dir=\"auto\">Limiter ou exclure notre responsabilit\u00e9 ou la v\u00f4tre en cas de fraude ou de fausse d\u00e9claration frauduleuse ;<\/p>\n<\/li>\n<li>\n<p class=\"body\" dir=\"auto\">Limiter l'une de nos responsabilit\u00e9s ou les v\u00f4tres de mani\u00e8re non autoris\u00e9e par la loi applicable ; ou<\/p>\n<\/li>\n<li>\n<p class=\"body\" dir=\"auto\">Exclure l'une de nos responsabilit\u00e9s ou les v\u00f4tres qui ne peuvent pas \u00eatre exclues en vertu de la loi applicable.<\/p>\n<\/li>\n<\/ul>\n<p class=\"body\" dir=\"auto\">Les limitations et interdictions de responsabilit\u00e9 \u00e9nonc\u00e9es dans cette section et ailleurs dans cet avertissement : (a) sont soumises au paragraphe pr\u00e9c\u00e9dent ; et (b) r\u00e9gissent toutes les responsabilit\u00e9s d\u00e9coulant de l'avertissement, y compris les responsabilit\u00e9s d\u00e9coulant du contrat, de la responsabilit\u00e9 d\u00e9lictuelle et du manquement aux obligations l\u00e9gales.<\/p>\n<p class=\"body\" dir=\"auto\">Tant que le site Web et les informations et services qu'il contient sont fournis gratuitement, nous ne saurons \u00eatre tenus responsables de toute perte ou dommage de quelque nature que ce soit.<\/p>\t\t\t\t\t\t\t\t<\/div>\n\t\t\t\t<\/div>\n\t\t\t\t\t<\/div>\n\t\t\t\t<\/div>\n\t\t\t\t<\/div>","protected":false},"excerpt":{"rendered":"<p>Terms and Conditions Welcome to LUME CONTROL! These terms and conditions outline the rules and regulations for the use of Grey mountain SARL&#8217;s Website, located at https:\/\/www.lumecontrol.com. By accessing this website, we assume you accept these terms and conditions. Do not continue to use LUME CONTROL if you do not agree to take all of the terms and conditions stated on this page. Cookies The website uses cookies to help personalize your online experience. By accessing LUME CONTROL, you agreed to use the required cookies. A cookie is a text file that is placed on your hard disk by a web page server. Cookies cannot be used to run programs or deliver viruses to your computer. Cookies are uniquely assigned to you and can only be read by a web server in the domain that issued the cookie to you. We may use cookies to collect, store, and track information for statistical or marketing purposes to operate our website. You have the ability to accept or decline optional Cookies. There are some required Cookies that are necessary for the operation of our website. These cookies do not require your consent as they always work. Please keep in mind that by accepting required Cookies, you also accept third-party Cookies, which might be used via third-party provided services if you use such services on our website, for example, a video display window provided by third parties and integrated into our website. License Unless otherwise stated, Grey mountain SARL and\/or its licensors own the intellectual property rights for all material on LUME CONTROL. All intellectual property rights are reserved. You may access this from LUME CONTROL for your own personal use subjected to restrictions set in these terms and conditions. You must not: Copy or republish material from LUME CONTROL Sell, rent, or sub-license material from LUME CONTROL Reproduce, duplicate or copy material from LUME CONTROL Redistribute content from LUME CONTROL This Agreement shall begin on the date hereof. Parts of this website offer users an opportunity to post and exchange opinions and information in certain areas of the website. Grey mountain SARL does not filter, edit, publish or review Comments before their presence on the website. Comments do not reflect the views and opinions of Grey mountain SARL, its agents, and\/or affiliates. Comments reflect the views and opinions of the person who posts their views and opinions. To the extent permitted by applicable laws, Grey mountain SARL shall not be liable for the Comments or any liability, damages, or expenses caused and\/or suffered as a result of any use of and\/or posting of and\/or appearance of the Comments on this website. Grey mountain SARL reserves the right to monitor all Comments and remove any Comments that can be considered inappropriate, offensive, or causes breach of these Terms and Conditions. You warrant and represent that: You are entitled to post the Comments on our website and have all necessary licenses and consents to do so; The Comments do not invade any intellectual property right, including without limitation copyright, patent, or trademark of any third party; The Comments do not contain any defamatory, libelous, offensive, indecent, or otherwise unlawful material, which is an invasion of privacy. The Comments will not be used to solicit or promote business or custom or present commercial activities or unlawful activity. You hereby grant Grey mountain SARL a non-exclusive license to use, reproduce, edit and authorize others to use, reproduce and edit any of your Comments in any and all forms, formats, or media. Hyperlinking to our Content The following organizations may link to our Website without prior written approval: Government agencies; Search engines; News organizations; Online directory distributors may link to our Website in the same manner as they hyperlink to the Websites of other listed businesses; and System-wide Accredited Businesses except soliciting non-profit organizations, charity shopping malls, and charity fundraising groups which may not hyperlink to our Web site. These organizations may link to our home page, to publications, or to other Website information so long as the link: (a) is not in any way deceptive; (b) does not falsely imply sponsorship, endorsement, or approval of the linking party and its products and\/or services; and (c) fits within the context of the linking party&#8217;s site. We may consider and approve other link requests from the following types of organizations: Commonly-known consumer and\/or business information sources; Dot.com community sites; Associations or other groups representing charities; Online directory distributors; Internet portals; Accounting, law, and consulting firms; and Educational institutions and trade associations. We will approve link requests from these organizations if we decide that: (a) the link would not make us look unfavorably to ourselves or to our accredited businesses; (b) the organization does not have any negative records with us; (c) the benefit to us from the visibility of the hyperlink compensates the absence of Grey mountain SARL; and (d) the link is in the context of general resource information. These organizations may link to our home page so long as the link: (a) is not in any way deceptive; (b) does not falsely imply sponsorship, endorsement, or approval of the linking party and its products or services; and (c) fits within the context of the linking party&#8217;s site. If you are one of the organizations listed in paragraph 2 above and are interested in linking to our website, you must inform us by sending an e-mail to Grey mountain SARL. Please include your name, your organization name, contact information as well as the URL of your site, a list of any URLs from which you intend to link to our Website, and a list of the URLs on our site to which you would like to link. Wait 2-3 weeks for a response. Approved organizations may hyperlink to our Website as follows: By use of our corporate name; or By use of the uniform resource locator being linked to; or Using any other description of our Website being linked to that makes sense within the context<\/p>","protected":false},"author":1,"featured_media":0,"parent":0,"menu_order":0,"comment_status":"closed","ping_status":"closed","template":"","meta":{"site-sidebar-layout":"no-sidebar","site-content-layout":"","ast-site-content-layout":"full-width-container","site-content-style":"default","site-sidebar-style":"default","ast-global-header-display":"","ast-banner-title-visibility":"","ast-main-header-display":"","ast-hfb-above-header-display":"","ast-hfb-below-header-display":"","ast-hfb-mobile-header-display":"","site-post-title":"disabled","ast-breadcrumbs-content":"","ast-featured-img":"disabled","footer-sml-layout":"","theme-transparent-header-meta":"","adv-header-id-meta":"","stick-header-meta":"","header-above-stick-meta":"","header-main-stick-meta":"","header-below-stick-meta":"","astra-migrate-meta-layouts":"default","ast-page-background-enabled":"default","ast-page-background-meta":{"desktop":{"background-color":"var(--ast-global-color-4)","background-image":"","background-repeat":"repeat","background-position":"center center","background-size":"auto","background-attachment":"scroll","background-type":"","background-media":"","overlay-type":"","overlay-color":"","overlay-opacity":"","overlay-gradient":""},"tablet":{"background-color":"","background-image":"","background-repeat":"repeat","background-position":"center center","background-size":"auto","background-attachment":"scroll","background-type":"","background-media":"","overlay-type":"","overlay-color":"","overlay-opacity":"","overlay-gradient":""},"mobile":{"background-color":"","background-image":"","background-repeat":"repeat","background-position":"center center","background-size":"auto","background-attachment":"scroll","background-type":"","background-media":"","overlay-type":"","overlay-color":"","overlay-opacity":"","overlay-gradient":""}},"ast-content-background-meta":{"desktop":{"background-color":"var(--ast-global-color-5)","background-image":"","background-repeat":"repeat","background-position":"center center","background-size":"auto","background-attachment":"scroll","background-type":"","background-media":"","overlay-type":"","overlay-color":"","overlay-opacity":"","overlay-gradient":""},"tablet":{"background-color":"var(--ast-global-color-5)","background-image":"","background-repeat":"repeat","background-position":"center center","background-size":"auto","background-attachment":"scroll","background-type":"","background-media":"","overlay-type":"","overlay-color":"","overlay-opacity":"","overlay-gradient":""},"mobile":{"background-color":"var(--ast-global-color-5)","background-image":"","background-repeat":"repeat","background-position":"center center","background-size":"auto","background-attachment":"scroll","background-type":"","background-media":"","overlay-type":"","overlay-color":"","overlay-opacity":"","overlay-gradient":""}},"footnotes":""},"class_list":["post-500","page","type-page","status-publish","hentry"],"_links":{"self":[{"href":"https:\/\/lumecontrol.com\/fr\/wp-json\/wp\/v2\/pages\/500"}],"collection":[{"href":"https:\/\/lumecontrol.com\/fr\/wp-json\/wp\/v2\/pages"}],"about":[{"href":"https:\/\/lumecontrol.com\/fr\/wp-json\/wp\/v2\/types\/page"}],"author":[{"embeddable":true,"href":"https:\/\/lumecontrol.com\/fr\/wp-json\/wp\/v2\/users\/1"}],"replies":[{"embeddable":true,"href":"https:\/\/lumecontrol.com\/fr\/wp-json\/wp\/v2\/comments?post=500"}],"version-history":[{"count":13,"href":"https:\/\/lumecontrol.com\/fr\/wp-json\/wp\/v2\/pages\/500\/revisions"}],"predecessor-version":[{"id":633,"href":"https:\/\/lumecontrol.com\/fr\/wp-json\/wp\/v2\/pages\/500\/revisions\/633"}],"wp:attachment":[{"href":"https:\/\/lumecontrol.com\/fr\/wp-json\/wp\/v2\/media?parent=500"}],"curies":[{"name":"wp","href":"https:\/\/api.w.org\/{rel}","templated":true}]}}