{"id":522,"date":"2024-08-28T11:43:20","date_gmt":"2024-08-28T11:43:20","guid":{"rendered":"https:\/\/alrightsystems.com\/figma\/?page_id=522"},"modified":"2024-08-28T12:34:42","modified_gmt":"2024-08-28T12:34:42","slug":"privacy-policy","status":"publish","type":"page","link":"https:\/\/lumecontrol.com\/fr\/privacy-policy\/","title":{"rendered":"Politique de confidentialit\u00e9"},"content":{"rendered":"<div data-elementor-type=\"wp-page\" data-elementor-id=\"522\" class=\"elementor elementor-522\">\n\t\t\t\t<div class=\"elementor-element elementor-element-3b37089 e-flex e-con-boxed wpr-particle-no wpr-jarallax-no wpr-parallax-no wpr-sticky-section-no e-con e-parent\" data-id=\"3b37089\" data-element_type=\"container\">\n\t\t\t\t\t<div class=\"e-con-inner\">\n\t\t\t\t<div class=\"elementor-element elementor-element-0c78f3f elementor-widget elementor-widget-heading\" data-id=\"0c78f3f\" data-element_type=\"widget\" data-widget_type=\"heading.default\">\n\t\t\t\t<div class=\"elementor-widget-container\">\n\t\t\t\t\t<h2 class=\"elementor-heading-title elementor-size-default\">Politique de confidentialit\u00e9\n<\/h2>\t\t\t\t<\/div>\n\t\t\t\t<\/div>\n\t\t\t\t\t<\/div>\n\t\t\t\t<\/div>\n\t\t<div class=\"elementor-element elementor-element-2ceb2de e-flex e-con-boxed wpr-particle-no wpr-jarallax-no wpr-parallax-no wpr-sticky-section-no e-con e-parent\" data-id=\"2ceb2de\" data-element_type=\"container\">\n\t\t\t\t\t<div class=\"e-con-inner\">\n\t\t\t\t<div class=\"elementor-element elementor-element-71df673 elementor-widget elementor-widget-text-editor\" data-id=\"71df673\" data-element_type=\"widget\" data-widget_type=\"text-editor.default\">\n\t\t\t\t<div class=\"elementor-widget-container\">\n\t\t\t\t\t\t\t\t\t<p>Le site web LUME CONTROL est la propri\u00e9t\u00e9 de Grey Mountain SARL, qui est responsable du traitement de vos donn\u00e9es personnelles.<\/p>\n<p>Nous avons adopt\u00e9 cette politique de confidentialit\u00e9, qui d\u00e9termine comment nous traitons les informations collect\u00e9es par LUME CONTROL, et explique \u00e9galement pourquoi nous devons recueillir certaines donn\u00e9es personnelles vous concernant. Par cons\u00e9quent, vous devez lire cette politique de confidentialit\u00e9 avant d'utiliser le site web de LUME CONTROL.<\/p>\n<p>Nous prenons soin de vos donn\u00e9es personnelles et nous nous engageons \u00e0 en garantir la confidentialit\u00e9 et la s\u00e9curit\u00e9.<\/p>\n<p>Informations personnelles que nous collectons :<br>Lorsque vous visitez LUME CONTROL, nous collectons automatiquement certaines informations sur votre appareil, notamment des informations sur votre navigateur web, votre adresse IP, votre fuseau horaire et certains des cookies install\u00e9s sur votre appareil. De plus, pendant que vous naviguez sur le site, nous recueillons des informations sur les pages web ou produits que vous consultez, les sites web ou termes de recherche qui vous ont dirig\u00e9 vers notre site, ainsi que sur la mani\u00e8re dont vous interagissez avec le site. Nous appelons ces informations collect\u00e9es automatiquement \u00ab Informations sur l'appareil \u00bb. Par ailleurs, nous pouvons collecter les donn\u00e9es personnelles que vous nous fournissez (y compris, mais sans s'y limiter, votre nom, pr\u00e9nom, adresse, informations de paiement, etc.) lors de votre inscription, afin de pouvoir ex\u00e9cuter l'accord.<\/p>\n<p>Pourquoi traitons-nous vos donn\u00e9es ?<br>Notre priorit\u00e9 absolue est la s\u00e9curit\u00e9 des donn\u00e9es des clients. \u00c0 ce titre, nous pouvons ne traiter que des donn\u00e9es utilisateur minimales, uniquement dans la mesure o\u00f9 cela est strictement n\u00e9cessaire pour maintenir le site web. Les informations collect\u00e9es automatiquement sont utilis\u00e9es uniquement pour identifier d'\u00e9ventuels cas d'abus et \u00e9tablir des donn\u00e9es statistiques sur l'utilisation du site. Ces donn\u00e9es statistiques ne sont pas agr\u00e9g\u00e9es de mani\u00e8re \u00e0 identifier un utilisateur particulier du syst\u00e8me.<\/p>\n<p>Vous pouvez visiter le site web sans nous indiquer qui vous \u00eates ni r\u00e9v\u00e9ler d'informations permettant de vous identifier en tant qu'individu sp\u00e9cifique. Cependant, si vous souhaitez utiliser certaines fonctionnalit\u00e9s du site, recevoir notre newsletter ou fournir d'autres d\u00e9tails en remplissant un formulaire, vous pouvez nous fournir des donn\u00e9es personnelles telles que votre email, pr\u00e9nom, nom, ville de r\u00e9sidence, organisation, num\u00e9ro de t\u00e9l\u00e9phone. Vous pouvez choisir de ne pas nous fournir vos donn\u00e9es personnelles, mais dans ce cas, vous ne pourrez peut-\u00eatre pas b\u00e9n\u00e9ficier de certaines fonctionnalit\u00e9s du site. Par exemple, vous ne pourrez pas recevoir notre newsletter ou nous contacter directement depuis le site. Les utilisateurs qui ne sont pas s\u00fbrs des informations obligatoires sont invit\u00e9s \u00e0 nous contacter \u00e0 l'adresse contact@greymontain.com.<\/p>\n<p>Vos droits :<br>Si vous \u00eates r\u00e9sident europ\u00e9en, vous avez les droits suivants concernant vos donn\u00e9es personnelles :<\/p>\n<p>Le droit d'\u00eatre inform\u00e9.<\/p>\n<p>Le droit d'acc\u00e8s.<\/p>\n<p>Le droit de rectification.<\/p>\n<p>Le droit \u00e0 l'effacement.<\/p>\n<p>Le droit de limiter le traitement.<\/p>\n<p>Le droit \u00e0 la portabilit\u00e9 des donn\u00e9es.<\/p>\n<p>Le droit d'opposition.<\/p>\n<p>Droits en mati\u00e8re de prise de d\u00e9cision automatis\u00e9e et de profilage.<\/p>\n<p>If you would like to exercise this right, please contact us through the contact information below.<\/p>\n<p>De plus, si vous \u00eates r\u00e9sident europ\u00e9en, nous tenons \u00e0 pr\u00e9ciser que nous traitons vos informations afin de remplir les contrats que nous pourrions avoir avec vous (par exemple, si vous passez une commande via le site), ou autrement pour poursuivre nos int\u00e9r\u00eats commerciaux l\u00e9gitimes mentionn\u00e9s ci-dessus. Veuillez \u00e9galement noter que vos informations pourraient \u00eatre transf\u00e9r\u00e9es en dehors de l'Europe, y compris au Canada et aux \u00c9tats-Unis.<\/p>\n<p>Liens vers d'autres sites web :<br>Our website may contain links to other websites that are not owned or controlled by us. Please be aware that we are not responsible for such other websites or third parties&#8217; privacy practices. We encourage you to be aware when you leave our website and read the privacy statements of each website that may collect personal information.<\/p>\n<p>Information security:<br>Nous s\u00e9curisons les informations que vous fournissez sur des serveurs informatiques dans un environnement contr\u00f4l\u00e9 et s\u00e9curis\u00e9, prot\u00e9g\u00e9 contre tout acc\u00e8s, utilisation ou divulgation non autoris\u00e9s. Nous maintenons des mesures de protection administratives, techniques et physiques raisonnables pour pr\u00e9venir l'acc\u00e8s, l'utilisation, la modification et la divulgation non autoris\u00e9s des donn\u00e9es personnelles sous notre contr\u00f4le et garde. Toutefois, aucune transmission de donn\u00e9es sur Internet ou via un r\u00e9seau sans fil ne peut \u00eatre enti\u00e8rement garantie.<\/p>\n<p>Divulgation l\u00e9gale :<br>Nous divulguerons toute information que nous collectons, utilisons ou recevons si cela est requis ou permis par la loi, par exemple pour se conformer \u00e0 une assignation \u00e0 compara\u00eetre ou \u00e0 un processus l\u00e9gal similaire, et lorsque nous croyons de bonne foi que cette divulgation est n\u00e9cessaire pour prot\u00e9ger nos droits, assurer votre s\u00e9curit\u00e9 ou celle d'autrui, enqu\u00eater sur une fraude ou r\u00e9pondre \u00e0 une demande gouvernementale.<\/p>\n<p>Informations de contact :<br>Si vous souhaitez nous contacter pour en savoir plus sur cette politique ou pour toute question relative aux droits individuels et \u00e0 vos informations personnelles, vous pouvez envoyer un e-mail \u00e0 contact@greymontain.com.<\/p>\t\t\t\t\t\t\t\t<\/div>\n\t\t\t\t<\/div>\n\t\t\t\t\t<\/div>\n\t\t\t\t<\/div>\n\t\t\t\t<\/div>","protected":false},"excerpt":{"rendered":"<p>Privacy Policy LUME CONTROL website is owned by Grey Mountain SARL, which is a data controller of your personal data. We have adopted this Privacy Policy, which determines how we are processing the information collected by LUME CONTROL , which also provides the reasons why we must collect certain personal data about you. Therefore, you must read this Privacy Policy before using LUME CONTROL website. We take care of your personal data and undertake to guarantee its confidentiality and security. Personal information we collect:When you visit the LUME CONTROL , we automatically collect certain information about your device, including information about your web browser, IP address, time zone, and some of the installed cookies on your device. Additionally, as you browse the Site, we collect information about the individual web pages or products you view, what websites or search terms referred you to the Site, and how you interact with the Site. We refer to this automatically-collected information as \u201cDevice Information.\u201d Moreover, we might collect the personal data you provide to us (including but not limited to Name, Surname, Address, payment information, etc.) during registration to be able to fulfill the agreement. Why do we process your data?Our top priority is customer data security, and, as such, we may process only minimal user data, only as much as it is absolutely necessary to maintain the website. Information collected automatically is used only to identify potential cases of abuse and establish statistical information regarding website usage. This statistical information is not otherwise aggregated in such a way that it would identify any particular user of the system. You can visit the website without telling us who you are or revealing any information, by which someone could identify you as a specific, identifiable individual. If, however, you wish to use some of the website\u2019s features, or you wish to receive our newsletter or provide other details by filling a form, you may provide personal data to us, such as your email, first name, last name, city of residence, organization, telephone number. You can choose not to provide us with your personal data, but then you may not be able to take advantage of some of the website\u2019s features. For example, you won\u2019t be able to receive our Newsletter or contact us directly from the website. Users who are uncertain about what information is mandatory are welcome to contact us via contact@greymontain.com. Your rights:If you are a European resident, you have the following rights related to your personal data: The right to be informed. The right of access. The right to rectification. The right to erasure. The right to restrict processing. The right to data portability. The right to object. Rights in relation to automated decision-making and profiling. If you would like to exercise this right, please contact us through the contact information below. Additionally, if you are a European resident, we note that we are processing your information in order to fulfill contracts we might have with you (for example, if you make an order through the Site), or otherwise to pursue our legitimate business interests listed above. Additionally, please note that your information might be transferred outside of Europe, including Canada and the United States. Links to other websites:Our website may contain links to other websites that are not owned or controlled by us. Please be aware that we are not responsible for such other websites or third parties&#8217; privacy practices. We encourage you to be aware when you leave our website and read the privacy statements of each website that may collect personal information. Information security:We secure information you provide on computer servers in a controlled, secure environment, protected from unauthorized access, use, or disclosure. We keep reasonable administrative, technical, and physical safeguards to protect against unauthorized access, use, modification, and personal data disclosure in its control and custody. However, no data transmission over the Internet or wireless network can be guaranteed. Legal disclosure:We will disclose any information we collect, use or receive if required or permitted by law, such as to comply with a subpoena or similar legal process, and when we believe in good faith that disclosure is necessary to protect our rights, protect your safety or the safety of others, investigate fraud, or respond to a government request. Contact information:If you would like to contact us to understand more about this Policy or wish to contact us concerning any matter relating to individual rights and your Personal Information, you may send an email to contact@greymontain.com.<\/p>","protected":false},"author":1,"featured_media":0,"parent":0,"menu_order":0,"comment_status":"closed","ping_status":"closed","template":"","meta":{"site-sidebar-layout":"no-sidebar","site-content-layout":"","ast-site-content-layout":"full-width-container","site-content-style":"default","site-sidebar-style":"default","ast-global-header-display":"","ast-banner-title-visibility":"","ast-main-header-display":"","ast-hfb-above-header-display":"","ast-hfb-below-header-display":"","ast-hfb-mobile-header-display":"","site-post-title":"disabled","ast-breadcrumbs-content":"","ast-featured-img":"disabled","footer-sml-layout":"","theme-transparent-header-meta":"","adv-header-id-meta":"","stick-header-meta":"","header-above-stick-meta":"","header-main-stick-meta":"","header-below-stick-meta":"","astra-migrate-meta-layouts":"default","ast-page-background-enabled":"default","ast-page-background-meta":{"desktop":{"background-color":"var(--ast-global-color-4)","background-image":"","background-repeat":"repeat","background-position":"center center","background-size":"auto","background-attachment":"scroll","background-type":"","background-media":"","overlay-type":"","overlay-color":"","overlay-opacity":"","overlay-gradient":""},"tablet":{"background-color":"","background-image":"","background-repeat":"repeat","background-position":"center center","background-size":"auto","background-attachment":"scroll","background-type":"","background-media":"","overlay-type":"","overlay-color":"","overlay-opacity":"","overlay-gradient":""},"mobile":{"background-color":"","background-image":"","background-repeat":"repeat","background-position":"center center","background-size":"auto","background-attachment":"scroll","background-type":"","background-media":"","overlay-type":"","overlay-color":"","overlay-opacity":"","overlay-gradient":""}},"ast-content-background-meta":{"desktop":{"background-color":"var(--ast-global-color-5)","background-image":"","background-repeat":"repeat","background-position":"center center","background-size":"auto","background-attachment":"scroll","background-type":"","background-media":"","overlay-type":"","overlay-color":"","overlay-opacity":"","overlay-gradient":""},"tablet":{"background-color":"var(--ast-global-color-5)","background-image":"","background-repeat":"repeat","background-position":"center center","background-size":"auto","background-attachment":"scroll","background-type":"","background-media":"","overlay-type":"","overlay-color":"","overlay-opacity":"","overlay-gradient":""},"mobile":{"background-color":"var(--ast-global-color-5)","background-image":"","background-repeat":"repeat","background-position":"center center","background-size":"auto","background-attachment":"scroll","background-type":"","background-media":"","overlay-type":"","overlay-color":"","overlay-opacity":"","overlay-gradient":""}},"footnotes":""},"class_list":["post-522","page","type-page","status-publish","hentry"],"_links":{"self":[{"href":"https:\/\/lumecontrol.com\/fr\/wp-json\/wp\/v2\/pages\/522"}],"collection":[{"href":"https:\/\/lumecontrol.com\/fr\/wp-json\/wp\/v2\/pages"}],"about":[{"href":"https:\/\/lumecontrol.com\/fr\/wp-json\/wp\/v2\/types\/page"}],"author":[{"embeddable":true,"href":"https:\/\/lumecontrol.com\/fr\/wp-json\/wp\/v2\/users\/1"}],"replies":[{"embeddable":true,"href":"https:\/\/lumecontrol.com\/fr\/wp-json\/wp\/v2\/comments?post=522"}],"version-history":[{"count":10,"href":"https:\/\/lumecontrol.com\/fr\/wp-json\/wp\/v2\/pages\/522\/revisions"}],"predecessor-version":[{"id":626,"href":"https:\/\/lumecontrol.com\/fr\/wp-json\/wp\/v2\/pages\/522\/revisions\/626"}],"wp:attachment":[{"href":"https:\/\/lumecontrol.com\/fr\/wp-json\/wp\/v2\/media?parent=522"}],"curies":[{"name":"wp","href":"https:\/\/api.w.org\/{rel}","templated":true}]}}