{"id":899,"date":"2024-09-02T11:11:45","date_gmt":"2024-09-02T11:11:45","guid":{"rendered":"https:\/\/alrightsystems.com\/figma\/?page_id=899"},"modified":"2024-09-24T21:48:10","modified_gmt":"2024-09-24T21:48:10","slug":"our-story","status":"publish","type":"page","link":"https:\/\/lumecontrol.com\/fr\/our-story\/","title":{"rendered":"Notre histoire"},"content":{"rendered":"<div data-elementor-type=\"wp-page\" data-elementor-id=\"899\" class=\"elementor elementor-899\">\n\t\t\t\t<div class=\"elementor-element elementor-element-6203cbe e-flex e-con-boxed wpr-particle-no wpr-jarallax-no wpr-parallax-no wpr-sticky-section-no e-con e-parent\" data-id=\"6203cbe\" data-element_type=\"container\">\n\t\t\t\t\t<div class=\"e-con-inner\">\n\t\t\t\t<div class=\"elementor-element elementor-element-b27e9a4 elementor-widget elementor-widget-heading\" data-id=\"b27e9a4\" data-element_type=\"widget\" data-widget_type=\"heading.default\">\n\t\t\t\t<div class=\"elementor-widget-container\">\n\t\t\t\t\t<h2 class=\"elementor-heading-title elementor-size-default\">Notre histoire<\/h2>\t\t\t\t<\/div>\n\t\t\t\t<\/div>\n\t\t\t\t\t<\/div>\n\t\t\t\t<\/div>\n\t\t<div class=\"elementor-element elementor-element-c2ab985 e-flex e-con-boxed wpr-particle-no wpr-jarallax-no wpr-parallax-no wpr-sticky-section-no e-con e-parent\" data-id=\"c2ab985\" data-element_type=\"container\">\n\t\t\t\t\t<div class=\"e-con-inner\">\n\t\t<div class=\"elementor-element elementor-element-90bb392 e-con-full e-flex wpr-particle-no wpr-jarallax-no wpr-parallax-no wpr-sticky-section-no e-con e-child\" data-id=\"90bb392\" data-element_type=\"container\" data-settings=\"{&quot;background_background&quot;:&quot;classic&quot;}\">\n\t\t\t\t<div class=\"elementor-element elementor-element-7c9f2c4 elementor-widget elementor-widget-text-editor\" data-id=\"7c9f2c4\" data-element_type=\"widget\" data-widget_type=\"text-editor.default\">\n\t\t\t\t<div class=\"elementor-widget-container\">\n\t\t\t\t\t\t\t\t\t<p><strong><span style=\"font-family: var( --e-global-typography-text-font-family ), Sans-serif; font-size: 1rem;\">Une Vision d'Innovation<\/span><\/strong><\/p><p>Lume Control est n\u00e9 de notre passion pour la technologie et le jeu vid\u00e9o<\/p><p>En tant que joueurs passionn\u00e9s, nous avons constat\u00e9 le besoin d\u2019accessoires de jeu de haute qualit\u00e9 alliant performance et confort.\u00a0<\/p><p>Notre aventure a commenc\u00e9 avec une id\u00e9e simple : cr\u00e9er des p\u00e9riph\u00e9riques de jeu innovants qui non seulement am\u00e9liororeraient l\u2019exp\u00e9rience de jeu, mais la red\u00e9finiraient.<\/p><p>\u00a0Avec notre produit phare, la manette Zero Drift, nous avons repouss\u00e9 les limites des accessoires de jeu, offrant pr\u00e9cision, durabilit\u00e9 et design en un seul produit.<\/p><p>\u00a0durability, and design in one.<\/p>\t\t\t\t\t\t\t\t<\/div>\n\t\t\t\t<\/div>\n\t\t\t\t<\/div>\n\t\t<div class=\"elementor-element elementor-element-901d384 e-con-full e-flex wpr-particle-no wpr-jarallax-no wpr-parallax-no wpr-sticky-section-no e-con e-child\" data-id=\"901d384\" data-element_type=\"container\" data-settings=\"{&quot;background_background&quot;:&quot;classic&quot;}\">\n\t\t\t\t<div class=\"elementor-element elementor-element-93ebf99 elementor-widget__width-initial elementor-widget elementor-widget-image\" data-id=\"93ebf99\" data-element_type=\"widget\" data-widget_type=\"image.default\">\n\t\t\t\t<div class=\"elementor-widget-container\">\n\t\t\t\t\t\t\t\t\t\t\t\t\t\t\t<img fetchpriority=\"high\" decoding=\"async\" width=\"656\" height=\"456\" src=\"https:\/\/lumecontrol.com\/wp-content\/uploads\/2024\/08\/store_01J29GCC7HQ8DEXKGMNT5K2RKW_assets_1720453848392-photolumecontrol-face-1.avif\" class=\"attachment-large size-large wp-image-863\" alt=\"\" srcset=\"https:\/\/lumecontrol.com\/wp-content\/uploads\/2024\/08\/store_01J29GCC7HQ8DEXKGMNT5K2RKW_assets_1720453848392-photolumecontrol-face-1.avif 656w, https:\/\/lumecontrol.com\/wp-content\/uploads\/2024\/08\/store_01J29GCC7HQ8DEXKGMNT5K2RKW_assets_1720453848392-photolumecontrol-face-1-300x209.avif 300w, https:\/\/lumecontrol.com\/wp-content\/uploads\/2024\/08\/store_01J29GCC7HQ8DEXKGMNT5K2RKW_assets_1720453848392-photolumecontrol-face-1-600x417.avif 600w\" sizes=\"(max-width: 656px) 100vw, 656px\" \/>\t\t\t\t\t\t\t\t\t\t\t\t\t\t\t<\/div>\n\t\t\t\t<\/div>\n\t\t\t\t<div class=\"elementor-element elementor-element-1aa959b elementor-widget__width-initial elementor-widget elementor-widget-image\" data-id=\"1aa959b\" data-element_type=\"widget\" data-widget_type=\"image.default\">\n\t\t\t\t<div class=\"elementor-widget-container\">\n\t\t\t\t\t\t\t\t\t\t\t\t\t\t\t<img decoding=\"async\" width=\"656\" height=\"456\" src=\"https:\/\/lumecontrol.com\/wp-content\/uploads\/2024\/08\/store_01J29GCC7HQ8DEXKGMNT5K2RKW_assets_1721414953802-metal-stick-photo-lumecontrol-1.avif\" class=\"attachment-large size-large wp-image-866\" alt=\"\" srcset=\"https:\/\/lumecontrol.com\/wp-content\/uploads\/2024\/08\/store_01J29GCC7HQ8DEXKGMNT5K2RKW_assets_1721414953802-metal-stick-photo-lumecontrol-1.avif 656w, https:\/\/lumecontrol.com\/wp-content\/uploads\/2024\/08\/store_01J29GCC7HQ8DEXKGMNT5K2RKW_assets_1721414953802-metal-stick-photo-lumecontrol-1-300x209.avif 300w, https:\/\/lumecontrol.com\/wp-content\/uploads\/2024\/08\/store_01J29GCC7HQ8DEXKGMNT5K2RKW_assets_1721414953802-metal-stick-photo-lumecontrol-1-600x417.avif 600w\" sizes=\"(max-width: 656px) 100vw, 656px\" \/>\t\t\t\t\t\t\t\t\t\t\t\t\t\t\t<\/div>\n\t\t\t\t<\/div>\n\t\t\t\t<\/div>\n\t\t<div class=\"elementor-element elementor-element-2e7baaa e-con-full e-flex wpr-particle-no wpr-jarallax-no wpr-parallax-no wpr-sticky-section-no e-con e-child\" data-id=\"2e7baaa\" data-element_type=\"container\" data-settings=\"{&quot;background_background&quot;:&quot;classic&quot;}\">\n\t\t\t\t<div class=\"elementor-element elementor-element-475bd9b elementor-widget elementor-widget-text-editor\" data-id=\"475bd9b\" data-element_type=\"widget\" data-widget_type=\"text-editor.default\">\n\t\t\t\t<div class=\"elementor-widget-container\">\n\t\t\t\t\t\t\t\t\t<p><strong>Construire l'Avenir du Jeu Vid\u00e9o&nbsp;<\/strong><\/p>\n<p>Chez Lume Control, nous croyons en l'importance de fa\u00e7onner l'avenir du jeu vid\u00e9o gr\u00e2ce \u00e0 des technologies de pointe et des pratiques durables.<\/p><p>&nbsp;Qu'il s'agisse de d\u00e9velopper des manettes reconditionn\u00e9es \u00e9cologiques ou de cr\u00e9er des produits haute performance qui r\u00e9pondent aux exigences des joueurs modernes, notre mission est d'offrir des outils qui am\u00e9liorent l'exp\u00e9rience de jeu.&nbsp;<\/p><p>Lume Control s'engage \u00e0 l'innovation et \u00e0 offrir aux joueurs ce qu'il y a de meilleur en mati\u00e8re de performance et de design.<\/p>\t\t\t\t\t\t\t\t<\/div>\n\t\t\t\t<\/div>\n\t\t\t\t<\/div>\n\t\t\t\t\t<\/div>\n\t\t\t\t<\/div>\n\t\t\t\t<\/div>","protected":false},"excerpt":{"rendered":"<p>Our Story A Vision of Innovation Lume Control was born out of a passion for technology and gaming. As avid gamers ourselves, we saw the need for high-quality gaming accessories that blend performance with comfort.\u00a0 Our journey began with a simple idea: to create innovative gaming peripherals that would not only enhance the gaming experience but redefine it. \u00a0With our flagship product, the Zero Drift controller, we\u2019ve pushed the boundaries of what gaming accessories can achieve, offering precision, \u00a0durability, and design in one. Building the Future of Gaming&nbsp; we believe in shaping the future of gaming through cutting-edge technology and sustainable practices. &nbsp;From developing eco-friendly packaging to creating high-performance products that meet the demands of today\u2019s gamers, our mission is to provide tools that elevate the gaming experience.&nbsp; Lume Control is dedicated to innovation and offering gamers the best in performance and design.<\/p>","protected":false},"author":1,"featured_media":0,"parent":0,"menu_order":0,"comment_status":"closed","ping_status":"closed","template":"","meta":{"site-sidebar-layout":"no-sidebar","site-content-layout":"","ast-site-content-layout":"full-width-container","site-content-style":"default","site-sidebar-style":"default","ast-global-header-display":"","ast-banner-title-visibility":"","ast-main-header-display":"","ast-hfb-above-header-display":"","ast-hfb-below-header-display":"","ast-hfb-mobile-header-display":"","site-post-title":"disabled","ast-breadcrumbs-content":"","ast-featured-img":"disabled","footer-sml-layout":"","theme-transparent-header-meta":"","adv-header-id-meta":"","stick-header-meta":"","header-above-stick-meta":"","header-main-stick-meta":"","header-below-stick-meta":"","astra-migrate-meta-layouts":"default","ast-page-background-enabled":"default","ast-page-background-meta":{"desktop":{"background-color":"var(--ast-global-color-4)","background-image":"","background-repeat":"repeat","background-position":"center center","background-size":"auto","background-attachment":"scroll","background-type":"","background-media":"","overlay-type":"","overlay-color":"","overlay-opacity":"","overlay-gradient":""},"tablet":{"background-color":"","background-image":"","background-repeat":"repeat","background-position":"center center","background-size":"auto","background-attachment":"scroll","background-type":"","background-media":"","overlay-type":"","overlay-color":"","overlay-opacity":"","overlay-gradient":""},"mobile":{"background-color":"","background-image":"","background-repeat":"repeat","background-position":"center center","background-size":"auto","background-attachment":"scroll","background-type":"","background-media":"","overlay-type":"","overlay-color":"","overlay-opacity":"","overlay-gradient":""}},"ast-content-background-meta":{"desktop":{"background-color":"var(--ast-global-color-5)","background-image":"","background-repeat":"repeat","background-position":"center center","background-size":"auto","background-attachment":"scroll","background-type":"","background-media":"","overlay-type":"","overlay-color":"","overlay-opacity":"","overlay-gradient":""},"tablet":{"background-color":"var(--ast-global-color-5)","background-image":"","background-repeat":"repeat","background-position":"center center","background-size":"auto","background-attachment":"scroll","background-type":"","background-media":"","overlay-type":"","overlay-color":"","overlay-opacity":"","overlay-gradient":""},"mobile":{"background-color":"var(--ast-global-color-5)","background-image":"","background-repeat":"repeat","background-position":"center center","background-size":"auto","background-attachment":"scroll","background-type":"","background-media":"","overlay-type":"","overlay-color":"","overlay-opacity":"","overlay-gradient":""}},"footnotes":""},"class_list":["post-899","page","type-page","status-publish","hentry"],"_links":{"self":[{"href":"https:\/\/lumecontrol.com\/fr\/wp-json\/wp\/v2\/pages\/899"}],"collection":[{"href":"https:\/\/lumecontrol.com\/fr\/wp-json\/wp\/v2\/pages"}],"about":[{"href":"https:\/\/lumecontrol.com\/fr\/wp-json\/wp\/v2\/types\/page"}],"author":[{"embeddable":true,"href":"https:\/\/lumecontrol.com\/fr\/wp-json\/wp\/v2\/users\/1"}],"replies":[{"embeddable":true,"href":"https:\/\/lumecontrol.com\/fr\/wp-json\/wp\/v2\/comments?post=899"}],"version-history":[{"count":28,"href":"https:\/\/lumecontrol.com\/fr\/wp-json\/wp\/v2\/pages\/899\/revisions"}],"predecessor-version":[{"id":1249,"href":"https:\/\/lumecontrol.com\/fr\/wp-json\/wp\/v2\/pages\/899\/revisions\/1249"}],"wp:attachment":[{"href":"https:\/\/lumecontrol.com\/fr\/wp-json\/wp\/v2\/media?parent=899"}],"curies":[{"name":"wp","href":"https:\/\/api.w.org\/{rel}","templated":true}]}}