{"id":673,"date":"2024-08-29T05:51:43","date_gmt":"2024-08-29T05:51:43","guid":{"rendered":"https:\/\/alrightsystems.com\/figma\/?post_type=product&#038;p=673"},"modified":"2025-09-19T14:58:56","modified_gmt":"2025-09-19T14:58:56","slug":"673","status":"publish","type":"product","link":"https:\/\/lumecontrol.com\/fr\/produit\/673\/","title":{"rendered":"Lume Control ZERO DRIFT"},"content":{"rendered":"<div data-elementor-type=\"wp-post\" data-elementor-id=\"673\" class=\"elementor elementor-673\">\n\t\t\t\t<div class=\"elementor-element elementor-element-11205292 e-flex e-con-boxed wpr-particle-no wpr-jarallax-no wpr-parallax-no wpr-sticky-section-no e-con e-parent\" data-id=\"11205292\" data-element_type=\"container\">\n\t\t\t\t\t<div class=\"e-con-inner\">\n\t\t\t\t<div class=\"elementor-element elementor-element-34909faf elementor-widget elementor-widget-text-editor\" data-id=\"34909faf\" data-element_type=\"widget\" data-widget_type=\"text-editor.default\">\n\t\t\t\t<div class=\"elementor-widget-container\">\n\t\t\t\t\t\t\t\t\t<p>OFFICIAL RELEASE DATE SEPTEMBER 20TH 2024<\/p><p>Experience the ultimate gaming adventure with our Pro Wireless Controller, specifically designed for demanding gamers. Compatible with the Nintendo Switch\u2122(Also IOS-ANDROID-PC) , this controller combines advanced technology, ergonomic design, and premium features.<\/p><h4>Caract\u00e9ristiques cl\u00e9s :<\/h4><ul><li><strong>Technologie \"Hall Effect\" Zero Drift<\/strong>: Profitez d'une pr\u00e9cision in\u00e9gal\u00e9e gr\u00e2ce aux capteurs magn\u00e9tiques qui \u00e9liminent le d\u00e9r\u00e8glement des sticks, garantissant une durabilit\u00e9 exceptionnelle et une r\u00e9ponse de mouvement pr\u00e9cise.<\/li><li><strong>Stick et pad en m\u00e9tal<\/strong>: Con\u00e7u pour offrir une sensation premium et une robustesse in\u00e9gal\u00e9e, les sticks et pads en m\u00e9tal am\u00e9liorent le retour tactile et r\u00e9sistent \u00e0 l'usure, garantissant des performances constantes dans le temps.<\/li><li><strong>Boutons m\u00e9caniques<\/strong>: Les boutons m\u00e9caniques offrent une r\u00e9ponse ultra-rapide et un retour tactile satisfaisant \u00e0 chaque pression, id\u00e9al pour les jeux comp\u00e9titifs o\u00f9 chaque milliseconde compte.<\/li><li><strong>Batterie de tr\u00e8s haute capacit\u00e9 de 950 mAh<\/strong>: Profitez de plus de 12 heures de jeu ininterrompu gr\u00e2ce \u00e0 une batterie longue dur\u00e9e, id\u00e9ale pour les sessions de jeu prolong\u00e9es.<\/li><li><strong>Design \u00e0 9 LED<\/strong>: Ajoutez une touche de style \u00e0 votre configuration de jeu avec des effets lumineux LED dynamiques et personnalisables.<\/li><li><strong>Fonctionnalit\u00e9s avanc\u00e9es<\/strong>: Optimisez votre exp\u00e9rience de jeu avec le mode Turbo, la fonction de r\u00e9veil, la personnalisation des touches et la vibration HD pour une immersion totale et un contr\u00f4le personnalis\u00e9.<\/li><li><strong>Garantie \u00e0 vie<\/strong>: Achetez en toute confiance gr\u00e2ce \u00e0 notre garantie \u00e0 vie, garantissant la qualit\u00e9 et la fiabilit\u00e9 de votre contr\u00f4leur pour de nombreuses ann\u00e9es de jeu.<\/li><\/ul>\t\t\t\t\t\t\t\t<\/div>\n\t\t\t\t<\/div>\n\t\t\t\t\t<\/div>\n\t\t\t\t<\/div>\n\t\t\t\t<\/div>","protected":false},"excerpt":{"rendered":"<p>D\u00e9couvrez l'aventure de jeu ultime avec notre Pro Wireless Controller, sp\u00e9cialement con\u00e7u pour les joueurs exigeants.<\/p>","protected":false},"featured_media":1128,"comment_status":"open","ping_status":"closed","template":"","meta":{"site-sidebar-layout":"default","site-content-layout":"","ast-site-content-layout":"default","site-content-style":"default","site-sidebar-style":"default","ast-global-header-display":"","ast-banner-title-visibility":"","ast-main-header-display":"","ast-hfb-above-header-display":"","ast-hfb-below-header-display":"","ast-hfb-mobile-header-display":"","site-post-title":"","ast-breadcrumbs-content":"","ast-featured-img":"","footer-sml-layout":"","theme-transparent-header-meta":"default","adv-header-id-meta":"","stick-header-meta":"","header-above-stick-meta":"","header-main-stick-meta":"","header-below-stick-meta":"","astra-migrate-meta-layouts":"set","ast-page-background-enabled":"default","ast-page-background-meta":{"desktop":{"background-color":"var(--ast-global-color-4)","background-image":"","background-repeat":"repeat","background-position":"center center","background-size":"auto","background-attachment":"scroll","background-type":"","background-media":"","overlay-type":"","overlay-color":"","overlay-opacity":"","overlay-gradient":""},"tablet":{"background-color":"","background-image":"","background-repeat":"repeat","background-position":"center center","background-size":"auto","background-attachment":"scroll","background-type":"","background-media":"","overlay-type":"","overlay-color":"","overlay-opacity":"","overlay-gradient":""},"mobile":{"background-color":"","background-image":"","background-repeat":"repeat","background-position":"center center","background-size":"auto","background-attachment":"scroll","background-type":"","background-media":"","overlay-type":"","overlay-color":"","overlay-opacity":"","overlay-gradient":""}},"ast-content-background-meta":{"desktop":{"background-color":"var(--ast-global-color-5)","background-image":"","background-repeat":"repeat","background-position":"center center","background-size":"auto","background-attachment":"scroll","background-type":"","background-media":"","overlay-type":"","overlay-color":"","overlay-opacity":"","overlay-gradient":""},"tablet":{"background-color":"var(--ast-global-color-5)","background-image":"","background-repeat":"repeat","background-position":"center center","background-size":"auto","background-attachment":"scroll","background-type":"","background-media":"","overlay-type":"","overlay-color":"","overlay-opacity":"","overlay-gradient":""},"mobile":{"background-color":"var(--ast-global-color-5)","background-image":"","background-repeat":"repeat","background-position":"center center","background-size":"auto","background-attachment":"scroll","background-type":"","background-media":"","overlay-type":"","overlay-color":"","overlay-opacity":"","overlay-gradient":""}}},"product_brand":[],"product_cat":[26],"product_tag":[27,28],"class_list":{"0":"post-673","1":"product","2":"type-product","3":"status-publish","4":"has-post-thumbnail","6":"product_cat-zero-drift-motion","7":"product_tag-lume-control","8":"product_tag-zero-drift-motion","9":"desktop-align-left","10":"tablet-align-left","11":"mobile-align-left","13":"first","14":"instock","15":"shipping-taxable","16":"purchasable","17":"product-type-simple"},"_links":{"self":[{"href":"https:\/\/lumecontrol.com\/fr\/wp-json\/wp\/v2\/product\/673"}],"collection":[{"href":"https:\/\/lumecontrol.com\/fr\/wp-json\/wp\/v2\/product"}],"about":[{"href":"https:\/\/lumecontrol.com\/fr\/wp-json\/wp\/v2\/types\/product"}],"replies":[{"embeddable":true,"href":"https:\/\/lumecontrol.com\/fr\/wp-json\/wp\/v2\/comments?post=673"}],"version-history":[{"count":13,"href":"https:\/\/lumecontrol.com\/fr\/wp-json\/wp\/v2\/product\/673\/revisions"}],"predecessor-version":[{"id":1261,"href":"https:\/\/lumecontrol.com\/fr\/wp-json\/wp\/v2\/product\/673\/revisions\/1261"}],"wp:featuredmedia":[{"embeddable":true,"href":"https:\/\/lumecontrol.com\/fr\/wp-json\/wp\/v2\/media\/1128"}],"wp:attachment":[{"href":"https:\/\/lumecontrol.com\/fr\/wp-json\/wp\/v2\/media?parent=673"}],"wp:term":[{"taxonomy":"product_brand","embeddable":true,"href":"https:\/\/lumecontrol.com\/fr\/wp-json\/wp\/v2\/product_brand?post=673"},{"taxonomy":"product_cat","embeddable":true,"href":"https:\/\/lumecontrol.com\/fr\/wp-json\/wp\/v2\/product_cat?post=673"},{"taxonomy":"product_tag","embeddable":true,"href":"https:\/\/lumecontrol.com\/fr\/wp-json\/wp\/v2\/product_tag?post=673"}],"curies":[{"name":"wp","href":"https:\/\/api.w.org\/{rel}","templated":true}]}}